{"id":422,"date":"2018-02-13T13:19:53","date_gmt":"2018-02-13T12:19:53","guid":{"rendered":"https:\/\/bmk10k.aip.de\/?page_id=422"},"modified":"2018-02-13T13:19:53","modified_gmt":"2018-02-13T12:19:53","slug":"imprint-and-data-protection-statement","status":"publish","type":"page","link":"https:\/\/bmk10k.aip.de\/?page_id=422","title":{"rendered":"Imprint and Data Protection Statement"},"content":{"rendered":"<h1>Imprint &amp; Data Protection Statement<\/h1>\n<p>bmk10k.aip.de is a service by the Leibniz-Institute for Astrophysics Potsdam (AIP). The impressum of the AIP can be found at <a href=\"http:\/\/www.aip.de\/en\/impressum\">http:\/\/www.aip.de\/en\/impressum<\/a>.<\/p>\n<p>Protection of your privacy when using our websites is important to us. bmk10k.aip.de follows the Data Protection Statement of the AIP, which is accessible at <a href=\"http:\/\/www.aip.de\/en\/impressum\/Data-Protection-Statement\">http:\/\/www.aip.de\/en\/impressum\/Data-Protection-Statement<\/a>.<\/p>\n<h1>Impressum &amp; Datenschutz<\/h1>\n<p>bmk10k.aip.de wird durch das Leibniz-Institut f\u00fcr Astrophysik Potsdam (AIP) betrieben. Es gilt das unter <a href=\"http:\/\/www.aip.de\/de\/impressum\">http:\/\/www.aip.de\/de\/impressum<\/a> zu findende Impressum des AIP.<\/p>\n<p>Der Schutz Ihrer Privatsph\u00e4re bei der Nutzung unserer Webseiten ist uns wichtig. F\u00fcr bmk10k.aip.de gilt die Datenschutzerkl\u00e4rung des AIP, welche unter <a href=\"http:\/\/www.aip.de\/de\/impressum\/datenschutzerklaerung\">http:\/\/www.aip.de\/de\/impressum\/datenschutzerklaerung<\/a> abrufbar ist.<\/p>\n","protected":false},"excerpt":{"rendered":"<p>Imprint &amp; Data Protection Statement bmk10k.aip.de is a service by the Leibniz-Institute for Astrophysics Potsdam (AIP). The impressum of the AIP can be found at http:\/\/www.aip.de\/en\/impressum. Protection of your privacy when using our websites is important to us. bmk10k.aip.de follows the Data Protection Statement of the AIP, which is accessible at http:\/\/www.aip.de\/en\/impressum\/Data-Protection-Statement. Impressum &amp; Datenschutz &hellip; <a href=\"https:\/\/bmk10k.aip.de\/?page_id=422\" class=\"more-link\">Continue reading <span class=\"screen-reader-text\">Imprint and Data Protection Statement<\/span> <span class=\"meta-nav\">&rarr;<\/span><\/a><\/p>\n","protected":false},"author":3,"featured_media":0,"parent":0,"menu_order":0,"comment_status":"closed","ping_status":"closed","template":"","meta":{"footnotes":""},"class_list":["post-422","page","type-page","status-publish","hentry"],"_links":{"self":[{"href":"https:\/\/bmk10k.aip.de\/index.php?rest_route=\/wp\/v2\/pages\/422","targetHints":{"allow":["GET"]}}],"collection":[{"href":"https:\/\/bmk10k.aip.de\/index.php?rest_route=\/wp\/v2\/pages"}],"about":[{"href":"https:\/\/bmk10k.aip.de\/index.php?rest_route=\/wp\/v2\/types\/page"}],"author":[{"embeddable":true,"href":"https:\/\/bmk10k.aip.de\/index.php?rest_route=\/wp\/v2\/users\/3"}],"replies":[{"embeddable":true,"href":"https:\/\/bmk10k.aip.de\/index.php?rest_route=%2Fwp%2Fv2%2Fcomments&post=422"}],"version-history":[{"count":1,"href":"https:\/\/bmk10k.aip.de\/index.php?rest_route=\/wp\/v2\/pages\/422\/revisions"}],"predecessor-version":[{"id":424,"href":"https:\/\/bmk10k.aip.de\/index.php?rest_route=\/wp\/v2\/pages\/422\/revisions\/424"}],"wp:attachment":[{"href":"https:\/\/bmk10k.aip.de\/index.php?rest_route=%2Fwp%2Fv2%2Fmedia&parent=422"}],"curies":[{"name":"wp","href":"https:\/\/api.w.org\/{rel}","templated":true}]}}