{"id":347,"date":"2017-03-01T12:12:50","date_gmt":"2017-03-01T11:12:50","guid":{"rendered":"https:\/\/bmk10k.aip.de\/?page_id=347"},"modified":"2021-02-24T15:40:14","modified_gmt":"2021-02-24T14:40:14","slug":"project-partners","status":"publish","type":"page","link":"https:\/\/bmk10k.aip.de\/?page_id=347","title":{"rendered":"Project Partners"},"content":{"rendered":"<p>The following list comprises the project partners, their representatives, and their contributions:<\/p>\n<ul>\n<li><a href=\"https:\/\/www.aip.de\/en\">Leibniz-Institute for Astrophysics Potsdam (AIP)<\/a>,<br \/>\n<em>Prof. Klaus G. Strassmeier<\/em>: project P.I.<br \/>\n<em>Dr. Thomas Granzer<\/em>: robotics and operations software;<br \/>\n<em>Dr. Sydney A. Barnes<\/em> &amp; <em>Dr. Matthias Mallonn<\/em>: survey preparation;<br \/>\n<em>Dr. J\u00f6rg Weingrill<\/em>: project manager, system preparation, data reduction, handling, and analysis;<br \/>\n<em>Dr. Ilya Ilyin &amp; Thomas Fechner<\/em>:\u00a010k CCD system;<br \/>\n<em>Arto J\u00e4rvinen<\/em>: computers;<br \/>\n<em>DI Manfred Woche<\/em>: optics;<br \/>\n<em>DI\u00a0Svend-M. Bauer &amp; Jens Paschke<\/em>: mechanics;<br \/>\n<em>Wilbert Bittner<\/em>: electronics<\/li>\n<li><a href=\"https:\/\/www.ruhr-uni-bochum.de\/\">Ruhr-Universit\u00e4t Bochum (RUB)<\/a>:<br \/>\n<em>Rolf Chini<\/em>: site preparations.<\/li>\n<li><a href=\"http:\/\/www.iapg.bgu.tum.de\/iapg.html\">Technische Universit\u00e4t M\u00fcnchen, Institut f\u00fcr astronomische und physikalische Geod\u00e4sie (IAPG)<\/a>, <a href=\"http:\/\/www.fesg.bv.tum.de\/fesg.html\">FG Satellitengeod\u00e4sie<\/a>,<br \/>\n<em>Prof. Urs Hugentobler<\/em>.<br \/>\n[<a href=\"https:\/\/www.bkg.bund.de\/DE\/Home\/home.html\">Bundesamt f\u00fcr Kartographie und Geod\u00e4sie<\/a> , <a href=\"http:\/\/www.fs.wettzell.de\/\">Geod\u00e4tisches Observatorium Wettzell (GOW), Bad K\u00f6tzting<\/a>, <em>Dr. Thomas Kl\u00fcgel<\/em>].<\/li>\n<li><a href=\"https:\/\/www.camk.edu.pl\/en\/\">Nicolaus Copernicus Astronomical Center (CAMK)<\/a>,<br \/>\nProf. Grzegorz Pietrzy\u0144ski<\/li>\n<\/ul>\n<p>The contributions are:<\/p>\n<ul>\n<li>AIP: 10k CCD camera and auxiliary tools, BMK-system interface, system automation,\u00a0data reduction, data center, archiving, site preparation, transportation, operation;<\/li>\n<li>IAPG: BMK75 hardware;<\/li>\n<li>RUB: building, site access, local support;<\/li>\n<li>CAMK: site access, local support.<\/li>\n<\/ul>\n","protected":false},"excerpt":{"rendered":"<p>The following list comprises the project partners, their representatives, and their contributions: Leibniz-Institute for Astrophysics Potsdam (AIP), Prof. Klaus G. Strassmeier: project P.I. Dr. Thomas Granzer: robotics and operations software; Dr. Sydney A. Barnes &amp; Dr. Matthias Mallonn: survey preparation; Dr. J\u00f6rg Weingrill: project manager, system preparation, data reduction, handling, and analysis; Dr. Ilya Ilyin &hellip; <a href=\"https:\/\/bmk10k.aip.de\/?page_id=347\" class=\"more-link\">Continue reading <span class=\"screen-reader-text\">Project Partners<\/span> <span class=\"meta-nav\">&rarr;<\/span><\/a><\/p>\n","protected":false},"author":5,"featured_media":0,"parent":0,"menu_order":0,"comment_status":"closed","ping_status":"closed","template":"","meta":{"footnotes":""},"class_list":["post-347","page","type-page","status-publish","hentry"],"_links":{"self":[{"href":"https:\/\/bmk10k.aip.de\/index.php?rest_route=\/wp\/v2\/pages\/347","targetHints":{"allow":["GET"]}}],"collection":[{"href":"https:\/\/bmk10k.aip.de\/index.php?rest_route=\/wp\/v2\/pages"}],"about":[{"href":"https:\/\/bmk10k.aip.de\/index.php?rest_route=\/wp\/v2\/types\/page"}],"author":[{"embeddable":true,"href":"https:\/\/bmk10k.aip.de\/index.php?rest_route=\/wp\/v2\/users\/5"}],"replies":[{"embeddable":true,"href":"https:\/\/bmk10k.aip.de\/index.php?rest_route=%2Fwp%2Fv2%2Fcomments&post=347"}],"version-history":[{"count":7,"href":"https:\/\/bmk10k.aip.de\/index.php?rest_route=\/wp\/v2\/pages\/347\/revisions"}],"predecessor-version":[{"id":521,"href":"https:\/\/bmk10k.aip.de\/index.php?rest_route=\/wp\/v2\/pages\/347\/revisions\/521"}],"wp:attachment":[{"href":"https:\/\/bmk10k.aip.de\/index.php?rest_route=%2Fwp%2Fv2%2Fmedia&parent=347"}],"curies":[{"name":"wp","href":"https:\/\/api.w.org\/{rel}","templated":true}]}}